{"id":3147,"date":"2016-06-04T00:05:23","date_gmt":"2016-06-03T22:05:23","guid":{"rendered":"http:\/\/www.mojclub.de\/mcpage\/?page_id=3147"},"modified":"2021-11-03T21:08:28","modified_gmt":"2021-11-03T20:08:28","slug":"reservierung","status":"publish","type":"page","link":"http:\/\/www.mojclub.de\/mcpage\/reservierung\/","title":{"rendered":"Reservierung"},"content":{"rendered":"<p>[vc_row full_width=&#8220;stretch_row_content_no_spaces&#8220;][vc_column]<div  id=\"sc_form_792309407_wrap\" class=\"sc_form_wrap scheme_original\"><div  id=\"sc_form_792309407_inner\" class=\"sc_form sc_form_style_form_3 aligncenter\"><h2 class=\"sc_form_title\">TISCHE \/ VIP LOUNGES<\/h2><h6 class=\"sc_form_subtitle\">BITTE VOR EINER RESERVIERUNGSANFRAGE DIE FOLGENDEN BEDINGUNGEN LESEN!<\/p>\n<p>\u2022 Es k\u00f6nnen Lounges f\u00fcr 10 Personen und 15 Personen reserviert werden. Stehtische ab 5 Personen.<\/p>\n<p>\u2022 Der Mindestumsatz in einer Lounge f\u00fcr zehn Personen betr\u00e4gt 250 Euro & in einer Lounge f\u00fcr 15 Personen 300 Euro. Stehtische sind ohne Mindestumsatz.<\/p>\n<p>\u2022 Eine Reservierung ist, soweit nicht extra vereinbart, bis 24 Uhr g\u00fcltig. Danach verf\u00e4llt diese.<\/p>\n<p>\u2022 Die Tische sind ab Er\u00f6ffnung um 23 Uhr besetzbar.<\/p>\n<p>\u2022 Die Reservierung bedeutet keine Einlassgarantie f\u00fcr die G\u00e4ste. Der Einlass ist stets unter Vorbehalt.<\/p>\n<p>\u2022 Der Einlass in den Club steht nur Vollj\u00e4hrigen G\u00e4sten zu.<\/h6>                <form  id=\"sc_form_792309407\" data-formtype=\"form_3\" method=\"post\" action=\"http:\/\/www.mojclub.de\/mcpage\/wp-admin\/admin-ajax.php\">\n                                                <div class=\"sc_form_info\">\n                                <div class=\"sc_form_item sc_form_field none\"><input type=\"text\" name=\"Event\" value=\"Any\"><\/div>\n                                <div class=\"sc_form_item sc_form_field label_over\"><label class=\"required\" for=\"sc_form_username\">Vor- &amp; Nachname<\/label><input id=\"sc_form_username\" type=\"text\" name=\"username\" placeholder=\"Vor- &amp; Nachname *\"><\/div>\n                                <div class=\"sc_form_item sc_form_field label_over\"><input type=\"text\" name=\"Telefonnummer\" placeholder=\"Ihre Telefonnummer\"><\/div>\n                                <div class=\"sc_form_item sc_form_field label_over\"><input type=\"text\" name=\"Email-Adresse\" placeholder=\"E-mail\"><\/div>\n                                <div class=\"sc_form_item sc_form_field label_over\"><input type=\"number\" name=\"Personenanzahl\" min=\"1\" max=\"1000\" placeholder=\"Personenanzahl\"><\/div>\n                        <\/div>\n            <div class=\"sc_form_item sc_form_field date_time\">\n                <div class=\"sc_form_item sc_form_item_date sc_form_field label_top\">\n                    <div class=\"sc_form_date_wrap icon-calendar-light\">\n                        <input placeholder=\"Datum\" class=\"js__datepicker\" type=\"text\" >\n                    <\/div>\n                <\/div>\n<div class=\"sc_form_item sc_form_item_time sc_form_field label_top\">\n                    <div class=\"sc_form_time_wrap icon-clock-empty\">\n\n                    <\/div>\n                    <\/div>\n            <\/div>\n<div class=\"sc_form_item sc_form_field label_over\"><input type=\"text\" name=\"Weitere Infos\" placeholder=\"PAKETVORAUSWAHL? - WAHL-VIP-LOUNGE?\"><\/div> <br>\n            <div class=\"sc_form_item sc_form_button\"><button class=\"sc_button sc_button_style_border gradient_bd hover\">Tisch Reservieren<\/button><\/div>\n            <div class=\"result sc_infobox\"><\/div>\n        <\/form>\n                <\/div><\/div>[\/vc_column][\/vc_row]<\/p>\n","protected":false},"excerpt":{"rendered":"<p>[vc_row full_width=&#8220;stretch_row_content_no_spaces&#8220;][vc_column][\/vc_column][\/vc_row]<\/p>\n","protected":false},"author":1,"featured_media":0,"parent":0,"menu_order":0,"comment_status":"closed","ping_status":"closed","template":"","meta":{"footnotes":""},"class_list":["post-3147","page","type-page","status-publish","hentry"],"yoast_head":"<!-- This site is optimized with the Yoast SEO plugin v26.6 - https:\/\/yoast.com\/wordpress\/plugins\/seo\/ -->\n<title>Reservierung - MojClub<\/title>\n<meta name=\"robots\" content=\"index, follow, max-snippet:-1, max-image-preview:large, max-video-preview:-1\" \/>\n<link rel=\"canonical\" href=\"http:\/\/www.mojclub.de\/mcpage\/reservierung\/\" \/>\n<meta property=\"og:locale\" content=\"de_DE\" \/>\n<meta property=\"og:type\" content=\"article\" \/>\n<meta property=\"og:title\" content=\"Reservierung - MojClub\" \/>\n<meta property=\"og:description\" content=\"[vc_row full_width=&#8220;stretch_row_content_no_spaces&#8220;][vc_column][\/vc_column][\/vc_row]\" \/>\n<meta property=\"og:url\" content=\"http:\/\/www.mojclub.de\/mcpage\/reservierung\/\" \/>\n<meta property=\"og:site_name\" content=\"MojClub\" \/>\n<meta property=\"article:modified_time\" content=\"2021-11-03T20:08:28+00:00\" \/>\n<meta name=\"twitter:card\" content=\"summary_large_image\" \/>\n<meta name=\"twitter:label1\" content=\"Gesch\u00e4tzte Lesezeit\" \/>\n\t<meta name=\"twitter:data1\" content=\"1\u00a0Minute\" \/>\n<script type=\"application\/ld+json\" class=\"yoast-schema-graph\">{\"@context\":\"https:\/\/schema.org\",\"@graph\":[{\"@type\":\"WebPage\",\"@id\":\"http:\/\/www.mojclub.de\/mcpage\/reservierung\/\",\"url\":\"http:\/\/www.mojclub.de\/mcpage\/reservierung\/\",\"name\":\"Reservierung - MojClub\",\"isPartOf\":{\"@id\":\"http:\/\/www.mojclub.de\/mcpage\/#website\"},\"datePublished\":\"2016-06-03T22:05:23+00:00\",\"dateModified\":\"2021-11-03T20:08:28+00:00\",\"breadcrumb\":{\"@id\":\"http:\/\/www.mojclub.de\/mcpage\/reservierung\/#breadcrumb\"},\"inLanguage\":\"de\",\"potentialAction\":[{\"@type\":\"ReadAction\",\"target\":[\"http:\/\/www.mojclub.de\/mcpage\/reservierung\/\"]}]},{\"@type\":\"BreadcrumbList\",\"@id\":\"http:\/\/www.mojclub.de\/mcpage\/reservierung\/#breadcrumb\",\"itemListElement\":[{\"@type\":\"ListItem\",\"position\":1,\"name\":\"Startseite\",\"item\":\"http:\/\/www.mojclub.de\/mcpage\/\"},{\"@type\":\"ListItem\",\"position\":2,\"name\":\"Reservierung\"}]},{\"@type\":\"WebSite\",\"@id\":\"http:\/\/www.mojclub.de\/mcpage\/#website\",\"url\":\"http:\/\/www.mojclub.de\/mcpage\/\",\"name\":\"MojClub\",\"description\":\"\",\"potentialAction\":[{\"@type\":\"SearchAction\",\"target\":{\"@type\":\"EntryPoint\",\"urlTemplate\":\"http:\/\/www.mojclub.de\/mcpage\/?s={search_term_string}\"},\"query-input\":{\"@type\":\"PropertyValueSpecification\",\"valueRequired\":true,\"valueName\":\"search_term_string\"}}],\"inLanguage\":\"de\"}]}<\/script>\n<!-- \/ Yoast SEO plugin. -->","yoast_head_json":{"title":"Reservierung - MojClub","robots":{"index":"index","follow":"follow","max-snippet":"max-snippet:-1","max-image-preview":"max-image-preview:large","max-video-preview":"max-video-preview:-1"},"canonical":"http:\/\/www.mojclub.de\/mcpage\/reservierung\/","og_locale":"de_DE","og_type":"article","og_title":"Reservierung - MojClub","og_description":"[vc_row full_width=&#8220;stretch_row_content_no_spaces&#8220;][vc_column][\/vc_column][\/vc_row]","og_url":"http:\/\/www.mojclub.de\/mcpage\/reservierung\/","og_site_name":"MojClub","article_modified_time":"2021-11-03T20:08:28+00:00","twitter_card":"summary_large_image","twitter_misc":{"Gesch\u00e4tzte Lesezeit":"1\u00a0Minute"},"schema":{"@context":"https:\/\/schema.org","@graph":[{"@type":"WebPage","@id":"http:\/\/www.mojclub.de\/mcpage\/reservierung\/","url":"http:\/\/www.mojclub.de\/mcpage\/reservierung\/","name":"Reservierung - MojClub","isPartOf":{"@id":"http:\/\/www.mojclub.de\/mcpage\/#website"},"datePublished":"2016-06-03T22:05:23+00:00","dateModified":"2021-11-03T20:08:28+00:00","breadcrumb":{"@id":"http:\/\/www.mojclub.de\/mcpage\/reservierung\/#breadcrumb"},"inLanguage":"de","potentialAction":[{"@type":"ReadAction","target":["http:\/\/www.mojclub.de\/mcpage\/reservierung\/"]}]},{"@type":"BreadcrumbList","@id":"http:\/\/www.mojclub.de\/mcpage\/reservierung\/#breadcrumb","itemListElement":[{"@type":"ListItem","position":1,"name":"Startseite","item":"http:\/\/www.mojclub.de\/mcpage\/"},{"@type":"ListItem","position":2,"name":"Reservierung"}]},{"@type":"WebSite","@id":"http:\/\/www.mojclub.de\/mcpage\/#website","url":"http:\/\/www.mojclub.de\/mcpage\/","name":"MojClub","description":"","potentialAction":[{"@type":"SearchAction","target":{"@type":"EntryPoint","urlTemplate":"http:\/\/www.mojclub.de\/mcpage\/?s={search_term_string}"},"query-input":{"@type":"PropertyValueSpecification","valueRequired":true,"valueName":"search_term_string"}}],"inLanguage":"de"}]}},"_links":{"self":[{"href":"http:\/\/www.mojclub.de\/mcpage\/wp-json\/wp\/v2\/pages\/3147","targetHints":{"allow":["GET"]}}],"collection":[{"href":"http:\/\/www.mojclub.de\/mcpage\/wp-json\/wp\/v2\/pages"}],"about":[{"href":"http:\/\/www.mojclub.de\/mcpage\/wp-json\/wp\/v2\/types\/page"}],"author":[{"embeddable":true,"href":"http:\/\/www.mojclub.de\/mcpage\/wp-json\/wp\/v2\/users\/1"}],"replies":[{"embeddable":true,"href":"http:\/\/www.mojclub.de\/mcpage\/wp-json\/wp\/v2\/comments?post=3147"}],"version-history":[{"count":15,"href":"http:\/\/www.mojclub.de\/mcpage\/wp-json\/wp\/v2\/pages\/3147\/revisions"}],"predecessor-version":[{"id":3942,"href":"http:\/\/www.mojclub.de\/mcpage\/wp-json\/wp\/v2\/pages\/3147\/revisions\/3942"}],"wp:attachment":[{"href":"http:\/\/www.mojclub.de\/mcpage\/wp-json\/wp\/v2\/media?parent=3147"}],"curies":[{"name":"wp","href":"https:\/\/api.w.org\/{rel}","templated":true}]}}