{"id":3036,"date":"2016-06-01T02:34:01","date_gmt":"2016-06-01T00:34:01","guid":{"rendered":"http:\/\/www.mojclub.de\/mcpage\/?page_id=3036"},"modified":"2026-03-17T10:47:29","modified_gmt":"2026-03-17T09:47:29","slug":"anfahrt","status":"publish","type":"page","link":"http:\/\/www.mojclub.de\/mcpage\/anfahrt\/","title":{"rendered":"Anfahrt"},"content":{"rendered":"<p>[vc_row][vc_column][vc_column_text]<strong>MojClub<\/strong> hat neben den besten G\u00e4sten der Stadt auch wohl mit die beste Lage<br \/>\n<strong>Sonnenstr. 12, 80331 M\u00fcnchen<\/strong>, mitten im Herzen der bayerischen Landeshauptstadt<\/p>\n<p>&gt; Wir sind nur 2 Geh-Minuten von der Haltestelle (S-Bahn \/ U-Bahn \/ Bus \/ Tramm)<br \/>\n<strong>Karlsplatz &#8211; Stachus<\/strong><\/p>\n<p>&gt; Mit dem Auto kommen Sie aus allen Richtungen einfach und bequem zu uns.\u00a0Es ist f\u00fcr uns selbstverst\u00e4ndlich das ein gewissenhafter Autofahrer kein Alkohol konsumiert. Wir bitten Euch dies zu beachten f\u00fcr Eure Gesundheit. Wir m\u00f6chten Euch noch l\u00e4nger als G\u00e4ste bei uns haben.<br \/>\nEine Karte folgt hier, der Ihr ganz einfach entnehmen k\u00f6nnt wie Ihr am besten <a style=\"color: #a6b0b9;\" href=\"https:\/\/erektile-apotheke.de\/\">erektapotheke<\/a> aus Eurer Richtung zu uns kommt.<\/p>\n<p>Wir w\u00fcnschen Euch eine gute und gem\u00fctliche Anfahrt zu uns, f\u00fcr eine tolle Party und einen sch\u00f6nen Abend sorgen wir dann.[\/vc_column_text][\/vc_column][\/vc_row][vc_row][vc_column][vc_empty_space][\/vc_column][\/vc_row][vc_row][vc_column]<div id=\"sc_googlemap_1450241218\" class=\"sc_googlemap\" style=\"width:100%;height:600px;\" data-zoom=\"15\" data-style=\"nightclub\"><div id=\"sc_googlemap_1450241218_1\" class=\"sc_googlemap_marker\" data-title=\"So finden Sie uns\" data-description=\"\" data-address=\"Sonnenstra\u00dfe 12, 80331 M\u00fcnchen\" data-latlng=\"\" data-point=\"http:\/\/www.mojclub.de\/mcpage\/wp-content\/uploads\/2016\/05\/mojclubico_pink.png\"><\/div><\/div>[\/vc_column][\/vc_row]<\/p>\n","protected":false},"excerpt":{"rendered":"<p>[vc_row][vc_column][vc_column_text]MojClub hat neben den besten G\u00e4sten der Stadt auch wohl mit die beste Lage Sonnenstr. 12, 80331 M\u00fcnchen, mitten im Herzen der bayerischen Landeshauptstadt &gt; Wir sind nur 2 Geh-Minuten von der Haltestelle (S-Bahn \/ U-Bahn \/ Bus \/ Tramm) Karlsplatz &#8211; Stachus &gt; Mit dem Auto kommen Sie aus allen Richtungen einfach und bequem [&hellip;]<\/p>\n","protected":false},"author":1,"featured_media":0,"parent":0,"menu_order":0,"comment_status":"closed","ping_status":"closed","template":"","meta":{"footnotes":""},"class_list":["post-3036","page","type-page","status-publish","hentry"],"yoast_head":"<!-- This site is optimized with the Yoast SEO plugin v26.6 - https:\/\/yoast.com\/wordpress\/plugins\/seo\/ -->\n<title>Anfahrt - MojClub<\/title>\n<meta name=\"robots\" content=\"index, follow, max-snippet:-1, max-image-preview:large, max-video-preview:-1\" \/>\n<link rel=\"canonical\" href=\"http:\/\/www.mojclub.de\/mcpage\/anfahrt\/\" \/>\n<meta property=\"og:locale\" content=\"de_DE\" \/>\n<meta property=\"og:type\" content=\"article\" \/>\n<meta property=\"og:title\" content=\"Anfahrt - MojClub\" \/>\n<meta property=\"og:description\" content=\"[vc_row][vc_column][vc_column_text]MojClub hat neben den besten G\u00e4sten der Stadt auch wohl mit die beste Lage Sonnenstr. 12, 80331 M\u00fcnchen, mitten im Herzen der bayerischen Landeshauptstadt &gt; Wir sind nur 2 Geh-Minuten von der Haltestelle (S-Bahn \/ U-Bahn \/ Bus \/ Tramm) Karlsplatz &#8211; Stachus &gt; Mit dem Auto kommen Sie aus allen Richtungen einfach und bequem [&hellip;]\" \/>\n<meta property=\"og:url\" content=\"http:\/\/www.mojclub.de\/mcpage\/anfahrt\/\" \/>\n<meta property=\"og:site_name\" content=\"MojClub\" \/>\n<meta property=\"article:modified_time\" content=\"2026-03-17T09:47:29+00:00\" \/>\n<meta name=\"twitter:card\" content=\"summary_large_image\" \/>\n<meta name=\"twitter:label1\" content=\"Gesch\u00e4tzte Lesezeit\" \/>\n\t<meta name=\"twitter:data1\" content=\"1\u00a0Minute\" \/>\n<script type=\"application\/ld+json\" class=\"yoast-schema-graph\">{\"@context\":\"https:\/\/schema.org\",\"@graph\":[{\"@type\":\"WebPage\",\"@id\":\"http:\/\/www.mojclub.de\/mcpage\/anfahrt\/\",\"url\":\"http:\/\/www.mojclub.de\/mcpage\/anfahrt\/\",\"name\":\"Anfahrt - MojClub\",\"isPartOf\":{\"@id\":\"http:\/\/www.mojclub.de\/mcpage\/#website\"},\"datePublished\":\"2016-06-01T00:34:01+00:00\",\"dateModified\":\"2026-03-17T09:47:29+00:00\",\"breadcrumb\":{\"@id\":\"http:\/\/www.mojclub.de\/mcpage\/anfahrt\/#breadcrumb\"},\"inLanguage\":\"de\",\"potentialAction\":[{\"@type\":\"ReadAction\",\"target\":[\"http:\/\/www.mojclub.de\/mcpage\/anfahrt\/\"]}]},{\"@type\":\"BreadcrumbList\",\"@id\":\"http:\/\/www.mojclub.de\/mcpage\/anfahrt\/#breadcrumb\",\"itemListElement\":[{\"@type\":\"ListItem\",\"position\":1,\"name\":\"Startseite\",\"item\":\"http:\/\/www.mojclub.de\/mcpage\/\"},{\"@type\":\"ListItem\",\"position\":2,\"name\":\"Anfahrt\"}]},{\"@type\":\"WebSite\",\"@id\":\"http:\/\/www.mojclub.de\/mcpage\/#website\",\"url\":\"http:\/\/www.mojclub.de\/mcpage\/\",\"name\":\"MojClub\",\"description\":\"\",\"potentialAction\":[{\"@type\":\"SearchAction\",\"target\":{\"@type\":\"EntryPoint\",\"urlTemplate\":\"http:\/\/www.mojclub.de\/mcpage\/?s={search_term_string}\"},\"query-input\":{\"@type\":\"PropertyValueSpecification\",\"valueRequired\":true,\"valueName\":\"search_term_string\"}}],\"inLanguage\":\"de\"}]}<\/script>\n<!-- \/ Yoast SEO plugin. -->","yoast_head_json":{"title":"Anfahrt - MojClub","robots":{"index":"index","follow":"follow","max-snippet":"max-snippet:-1","max-image-preview":"max-image-preview:large","max-video-preview":"max-video-preview:-1"},"canonical":"http:\/\/www.mojclub.de\/mcpage\/anfahrt\/","og_locale":"de_DE","og_type":"article","og_title":"Anfahrt - MojClub","og_description":"[vc_row][vc_column][vc_column_text]MojClub hat neben den besten G\u00e4sten der Stadt auch wohl mit die beste Lage Sonnenstr. 12, 80331 M\u00fcnchen, mitten im Herzen der bayerischen Landeshauptstadt &gt; Wir sind nur 2 Geh-Minuten von der Haltestelle (S-Bahn \/ U-Bahn \/ Bus \/ Tramm) Karlsplatz &#8211; Stachus &gt; Mit dem Auto kommen Sie aus allen Richtungen einfach und bequem [&hellip;]","og_url":"http:\/\/www.mojclub.de\/mcpage\/anfahrt\/","og_site_name":"MojClub","article_modified_time":"2026-03-17T09:47:29+00:00","twitter_card":"summary_large_image","twitter_misc":{"Gesch\u00e4tzte Lesezeit":"1\u00a0Minute"},"schema":{"@context":"https:\/\/schema.org","@graph":[{"@type":"WebPage","@id":"http:\/\/www.mojclub.de\/mcpage\/anfahrt\/","url":"http:\/\/www.mojclub.de\/mcpage\/anfahrt\/","name":"Anfahrt - MojClub","isPartOf":{"@id":"http:\/\/www.mojclub.de\/mcpage\/#website"},"datePublished":"2016-06-01T00:34:01+00:00","dateModified":"2026-03-17T09:47:29+00:00","breadcrumb":{"@id":"http:\/\/www.mojclub.de\/mcpage\/anfahrt\/#breadcrumb"},"inLanguage":"de","potentialAction":[{"@type":"ReadAction","target":["http:\/\/www.mojclub.de\/mcpage\/anfahrt\/"]}]},{"@type":"BreadcrumbList","@id":"http:\/\/www.mojclub.de\/mcpage\/anfahrt\/#breadcrumb","itemListElement":[{"@type":"ListItem","position":1,"name":"Startseite","item":"http:\/\/www.mojclub.de\/mcpage\/"},{"@type":"ListItem","position":2,"name":"Anfahrt"}]},{"@type":"WebSite","@id":"http:\/\/www.mojclub.de\/mcpage\/#website","url":"http:\/\/www.mojclub.de\/mcpage\/","name":"MojClub","description":"","potentialAction":[{"@type":"SearchAction","target":{"@type":"EntryPoint","urlTemplate":"http:\/\/www.mojclub.de\/mcpage\/?s={search_term_string}"},"query-input":{"@type":"PropertyValueSpecification","valueRequired":true,"valueName":"search_term_string"}}],"inLanguage":"de"}]}},"_links":{"self":[{"href":"http:\/\/www.mojclub.de\/mcpage\/wp-json\/wp\/v2\/pages\/3036","targetHints":{"allow":["GET"]}}],"collection":[{"href":"http:\/\/www.mojclub.de\/mcpage\/wp-json\/wp\/v2\/pages"}],"about":[{"href":"http:\/\/www.mojclub.de\/mcpage\/wp-json\/wp\/v2\/types\/page"}],"author":[{"embeddable":true,"href":"http:\/\/www.mojclub.de\/mcpage\/wp-json\/wp\/v2\/users\/1"}],"replies":[{"embeddable":true,"href":"http:\/\/www.mojclub.de\/mcpage\/wp-json\/wp\/v2\/comments?post=3036"}],"version-history":[{"count":7,"href":"http:\/\/www.mojclub.de\/mcpage\/wp-json\/wp\/v2\/pages\/3036\/revisions"}],"predecessor-version":[{"id":3972,"href":"http:\/\/www.mojclub.de\/mcpage\/wp-json\/wp\/v2\/pages\/3036\/revisions\/3972"}],"wp:attachment":[{"href":"http:\/\/www.mojclub.de\/mcpage\/wp-json\/wp\/v2\/media?parent=3036"}],"curies":[{"name":"wp","href":"https:\/\/api.w.org\/{rel}","templated":true}]}}